{"id":387253,"date":"2025-08-15T12:12:57","date_gmt":"2025-08-15T12:12:57","guid":{"rendered":"http:\/\/0ee35a3c-68b6-4880-862d-9f6143ec4735"},"modified":"2025-08-15T15:33:26","modified_gmt":"2025-08-15T12:33:26","slug":"iletisim-2","status":"publish","type":"page","link":"https:\/\/taskanplastik.com\/index.php\/iletisim-2\/","title":{"rendered":"\u0130leti\u015fim"},"content":{"rendered":"\n<h2 class=\"wp-block-heading\">\u0130leti\u015fim<\/h2>\n\n\n\n<p>A\u015fa\u011f\u0131daki formu kullanarak teklif talebinde bulunabilirsiniz.<\/p>\n\n\n\n<p>Alternatif olarak mustafa.taskanplastik@gmail.com adresine yazabilirsiniz.<\/p>\n\n\n\n<p>\u0130leti\u015fim numaras\u0131 0 (552) 222 74 44<\/p>\n\n\n\n<p>\u0130nstagram: @taskanplastik<\/p>\n\n\n\n<p><\/p>\n","protected":false},"excerpt":{"rendered":"<p>\u0130leti\u015fim A\u015fa\u011f\u0131daki formu kullanarak teklif talebinde bulunabilirsiniz. Alternatif olarak mustafa.taskanplastik@gmail.com adresine yazabilirsiniz. \u0130leti\u015fim numaras\u0131 0 (552) 222 74 44 \u0130nstagram: @taskanplastik<\/p>\n","protected":false},"author":1,"featured_media":0,"parent":0,"menu_order":0,"comment_status":"closed","ping_status":"closed","template":"","meta":{"saved_in_kubio":false,"footnotes":""},"class_list":["post-387253","page","type-page","status-publish","hentry"],"kubio_ai_page_context":{"short_desc":"","purpose":"general"},"_links":{"self":[{"href":"https:\/\/taskanplastik.com\/index.php\/wp-json\/wp\/v2\/pages\/387253","targetHints":{"allow":["GET"]}}],"collection":[{"href":"https:\/\/taskanplastik.com\/index.php\/wp-json\/wp\/v2\/pages"}],"about":[{"href":"https:\/\/taskanplastik.com\/index.php\/wp-json\/wp\/v2\/types\/page"}],"author":[{"embeddable":true,"href":"https:\/\/taskanplastik.com\/index.php\/wp-json\/wp\/v2\/users\/1"}],"replies":[{"embeddable":true,"href":"https:\/\/taskanplastik.com\/index.php\/wp-json\/wp\/v2\/comments?post=387253"}],"version-history":[{"count":1,"href":"https:\/\/taskanplastik.com\/index.php\/wp-json\/wp\/v2\/pages\/387253\/revisions"}],"predecessor-version":[{"id":946098,"href":"https:\/\/taskanplastik.com\/index.php\/wp-json\/wp\/v2\/pages\/387253\/revisions\/946098"}],"wp:attachment":[{"href":"https:\/\/taskanplastik.com\/index.php\/wp-json\/wp\/v2\/media?parent=387253"}],"curies":[{"name":"wp","href":"https:\/\/api.w.org\/{rel}","templated":true}]}}